{"id":1350,"date":"2019-07-25T16:54:36","date_gmt":"2019-07-25T19:54:36","guid":{"rendered":"https:\/\/labea.ufpr.br\/caocomunitario\/?page_id=1350"},"modified":"2022-11-21T10:52:22","modified_gmt":"2022-11-21T13:52:22","slug":"faq","status":"publish","type":"page","link":"https:\/\/labea.ufpr.br\/caocomunitario\/faq\/","title":{"rendered":"Perguntas Frequentes (FAQ)"},"content":{"rendered":"<h4 id=\"block-a6c9e5a0-66d8-4fc9-a87e-080ffcfb1c6a\" class=\"block-editor-rich-text__editable block-editor-block-list__block wp-block is-selected wp-block-heading rich-text\" tabindex=\"0\" role=\"document\" contenteditable=\"true\" aria-multiline=\"true\" aria-label=\"Bloco: T\u00edtulo\" data-block=\"a6c9e5a0-66d8-4fc9-a87e-080ffcfb1c6a\" data-type=\"core\/heading\" data-title=\"T\u00edtulo\"><span data-rich-text-format-boundary=\"true\">\u00a0 Clique na pergunta para ler mais. <img decoding=\"async\" loading=\"lazy\" class=\"wp-image-1927 aligncenter\" src=\"https:\/\/labea.ufpr.br\/caocomunitario\/wp-content\/uploads\/sites\/2\/2022\/11\/logo.png\" alt=\"\" width=\"79\" height=\"79\" \/><\/span><\/h4>\n\n\n<details>\n<summary><span style=\"color: #000000;\"><strong>1)<\/strong> Alimentar e fornecer abrigo para c\u00e3es de rua aumenta o risco de transmiss\u00e3o de doen\u00e7as?<\/span><\/summary>\n<p style=\"text-align: left;\"><span style=\"color: #000000;\"><strong>R:<\/strong> A ideia de que os cuidados tomados com c\u00e3es de rua aumentam o risco de transmiss\u00e3o de doen\u00e7as <em><strong>\u00e9 um mito<\/strong><\/em>. Cuidados com animais de rua favorecem graus de bem-estar mais alto (quando este \u00e9 baixo, animais tendem a ser mais suscept\u00edveis a doen\u00e7as), al\u00e9m destes animais poderem funcionar como alertas para doen\u00e7as causadas por microrganismos e doen\u00e7as mentais. Outros cuidados inclusos no programa C\u00e3o Comunit\u00e1rio reduzem ainda mais a chance de ocorr\u00eancia e transmiss\u00e3o de doen\u00e7as.<\/span><\/p>\n<p>&nbsp;<\/p>\n<\/details>\n\n\n\n<details>\n<summary><span style=\"color: #000000;\"><strong>2)<\/strong> Se uma pessoa cuidar de um c\u00e3o de rua, o n\u00famero de c\u00e3es de rua naquela regi\u00e3o ir\u00e1 aumentar?<\/span><\/summary>\n<p><span style=\"color: #000000;\"><strong>R:<\/strong> C\u00e3es instalados em uma regi\u00e3o tendem a <strong><em>impedir<\/em><\/strong> a instala\u00e7\u00e3o de outros animais no local, devido ao comportamento natural da esp\u00e9cie. A castra\u00e7\u00e3o destes animais tamb\u00e9m evita o aparecimento de outros c\u00e3es em per\u00edodos de cio, por exemplo.<\/span><\/p>\n<\/details>\n\n\n\n<details>\n<summary><span style=\"color: #000000;\"><strong>3)<\/strong> As pessoas que cuidam de c\u00e3es de rua deveriam recolh\u00ea-los em suas casas?<\/span><\/summary>\n<p><span style=\"color: #000000;\"><strong>R:<\/strong> O n\u00famero de c\u00e3es em situa\u00e7\u00e3o de rua hoje <strong><em>ultrapassa<\/em> <\/strong>o n\u00famero de lares dispostos a recebe-los. Al\u00e9m disso, muitos lares j\u00e1 possuem outros animais e n\u00e3o podem comportar mais, seja por quest\u00f5es de espa\u00e7o ou por quest\u00f5es financeiras. Outros espa\u00e7os de recolhimento (como ONGs e servi\u00e7os municipais) tamb\u00e9m se encontram lotados.<\/span><\/p>\n<\/details>\n\n\n\n<details>\n<summary><span style=\"color: #000000;\"><strong>4)<\/strong> Cuidar de c\u00e3es de rua incentiva o abandono?<\/span><\/summary>\n<p><span style=\"color: #000000;\"><strong>R: <\/strong>A ado\u00e7\u00e3o do programa C\u00e3o Comunit\u00e1rio auxilia a promover a educa\u00e7\u00e3o em guarda respons\u00e1vel. Assim, o papel do \u00f3rg\u00e3o p\u00fablico no cuidado com os c\u00e3es funciona como um exemplo para a sociedade, o qual pode levar a <strong><em>redu\u00e7\u00e3o do abandono<\/em><\/strong> e, al\u00e9m disso, a popula\u00e7\u00e3o tende a se tornar mais alerta para eventuais abandonos.<\/span><\/p>\n<\/details>\n\n\n\n<p><span style=\"color: #000000;\"><a style=\"color: #000000;\" name=\"matanca\"><\/a><\/span><\/p>\n\n\n\n<details>\n<summary><span style=\"color: #000000;\"><strong>5)<\/strong> A melhor forma de resolver o problema dos c\u00e3es de rua seria a volta da \u201ccarrocinha\u201d (recolhimento e sacrif\u00edcio n\u00e3o seletivos dos animais)?<\/span><\/summary>\n<p><span style=\"color: #000000;\"><strong>R:<\/strong> Estrat\u00e9gias de controle de c\u00e3es como a carrocinha s\u00e3o <strong><em>inadequadas<\/em><\/strong> e <strong><em>ineficazes<\/em><\/strong>, uma vez que:<\/span><br>\n<span style=\"color: #000000;\">\u2022 Comprovadamente <strong><em>n\u00e3o h\u00e1 redu\u00e7\u00e3o<\/em><\/strong> significativa da popula\u00e7\u00e3o canina. Quando a taxa de recolhimento ou de exterm\u00ednio aumenta, h\u00e1 tamb\u00e9m um aumento na taxa de sobreviv\u00eancia destes animais.<\/span><br>\n<span style=\"color: #000000;\">\u2022 Segundo a Organiza\u00e7\u00e3o Mundial da Sa\u00fade, s\u00e3o medidas <strong><em>ineficazes<\/em> <\/strong>no controle de zoonoses.<\/span><br>\n<span style=\"color: #000000;\">\u2022 S\u00e3o <strong><em>inaceit\u00e1veis<\/em><\/strong> do ponto de vista \u00e9tico.<\/span><\/p>\n<\/details>\n","protected":false},"excerpt":{"rendered":"<p>\u00a0 Clique na pergunta para ler mais. 1) Alimentar e fornecer abrigo para c\u00e3es de rua aumenta o risco de transmiss\u00e3o de doen\u00e7as? R: A [&hellip;]<\/p>\n","protected":false},"author":1,"featured_media":0,"parent":0,"menu_order":0,"comment_status":"closed","ping_status":"closed","template":"","meta":{"_mi_skip_tracking":false},"acf":[],"_links":{"self":[{"href":"https:\/\/labea.ufpr.br\/caocomunitario\/wp-json\/wp\/v2\/pages\/1350"}],"collection":[{"href":"https:\/\/labea.ufpr.br\/caocomunitario\/wp-json\/wp\/v2\/pages"}],"about":[{"href":"https:\/\/labea.ufpr.br\/caocomunitario\/wp-json\/wp\/v2\/types\/page"}],"author":[{"embeddable":true,"href":"https:\/\/labea.ufpr.br\/caocomunitario\/wp-json\/wp\/v2\/users\/1"}],"replies":[{"embeddable":true,"href":"https:\/\/labea.ufpr.br\/caocomunitario\/wp-json\/wp\/v2\/comments?post=1350"}],"version-history":[{"count":20,"href":"https:\/\/labea.ufpr.br\/caocomunitario\/wp-json\/wp\/v2\/pages\/1350\/revisions"}],"predecessor-version":[{"id":1931,"href":"https:\/\/labea.ufpr.br\/caocomunitario\/wp-json\/wp\/v2\/pages\/1350\/revisions\/1931"}],"wp:attachment":[{"href":"https:\/\/labea.ufpr.br\/caocomunitario\/wp-json\/wp\/v2\/media?parent=1350"}],"curies":[{"name":"wp","href":"https:\/\/api.w.org\/{rel}","templated":true}]}}