{"id":311,"date":"2018-07-12T14:28:06","date_gmt":"2018-07-12T14:28:06","guid":{"rendered":"https:\/\/caruso.000webhostapp.com\/?page_id=311"},"modified":"2022-11-29T10:10:36","modified_gmt":"2022-11-29T13:10:36","slug":"canino","status":"publish","type":"page","link":"https:\/\/labea.ufpr.br\/caocomunitario\/canino\/","title":{"rendered":"Bem-estar canino"},"content":{"rendered":"<div class=\"wp-block-image\">\n<figure class=\"aligncenter\"><img decoding=\"async\" src=\"https:\/\/labea.ufpr.br\/caocomunitario\/wp-content\/uploads\/sites\/2\/2019\/05\/dog1-1-300x300.png\" alt=\"\" class=\"wp-image-796\"\/><\/figure><\/div>\n\n\n<p><a name=\"alim\"><\/a><span style=\"font-weight: 400;\">O bem-estar canino baseia-se nos mesmos elementos do <a href=\"https:\/\/labea.ufpr.br\/caocomunitario\/introducao-a-bem-estar\/\">bem-estar animal<\/a>, seguindo os princ\u00edpios das <a href=\"https:\/\/labea.ufpr.br\/caocomunitario\/introducao-a-bem-estar\/#liberdade\" target=\"_blank\" rel=\"noopener\">Cinco Liberdades<\/a>. Esses elementos s\u00e3o agrupados em quatro categorias para avaliar mais facilmente o estado do animal. S\u00e3o elas:<br><a href=\"https:\/\/labea.ufpr.br\/caocomunitario\/canino\/#alim\">\u2022 Alimenta\u00e7\u00e3o<\/a><br><a href=\"https:\/\/labea.ufpr.br\/caocomunitario\/canino\/#sde\">\u2022 Sa\u00fade<\/a><br><a href=\"https:\/\/labea.ufpr.br\/caocomunitario\/canino\/#abg\">\u2022 Abrigo<\/a><br><a href=\"https:\/\/labea.ufpr.br\/caocomunitario\/canino\/#cpt\">\u2022 Comportamento.<\/a><\/span><\/p>\n\n\n\n<p class=\"has-text-align-center\"><a href=\"https:\/\/labea.ufpr.br\/caocomunitario\/referencias\/#rf5\"><span style=\"font-weight: 400;\">Refer\u00eancia: R\u00dcNCOS, 2012 (Adaptado)<\/span><sup>5<\/sup><\/a><\/p>\n\n\n\n<p class=\"has-text-align-center\"><span style=\"font-weight: 400;\"><br><\/span><span style=\"font-weight: 400;\">&nbsp;<\/span><\/p>\n\n\n\n<h4 class=\"wp-block-heading\"><span style=\"color: #0d5c05;\"><strong>&nbsp;&nbsp;&nbsp;&nbsp;&nbsp;&nbsp;&nbsp;&nbsp;&nbsp;&nbsp;&nbsp;&nbsp;&nbsp;&nbsp;&nbsp;&nbsp;&nbsp;&nbsp;&nbsp;&nbsp;&nbsp;&nbsp;&nbsp;&nbsp;&nbsp;&nbsp;&nbsp;&nbsp;&nbsp;&nbsp;&nbsp;&nbsp;&nbsp;&nbsp;&nbsp;&nbsp;&nbsp;&nbsp;&nbsp;&nbsp;&nbsp;&nbsp;&nbsp;&nbsp;&nbsp;&nbsp;&nbsp;&nbsp;&nbsp;&nbsp;&nbsp;&nbsp;&nbsp;&nbsp;&nbsp;&nbsp;&nbsp;&nbsp;&nbsp;&nbsp;&nbsp;&nbsp;&nbsp;&nbsp;&nbsp;&nbsp;&nbsp;&nbsp;&nbsp;&nbsp;&nbsp;&nbsp;&nbsp;&nbsp;&nbsp;&nbsp;&nbsp;&nbsp;&nbsp;&nbsp;&nbsp;&nbsp;&nbsp;&nbsp; <span style=\"color: #000000;\">ALIMENTA\u00c7\u00c3O<\/span><\/strong><\/span><\/h4>\n\n\n\n<p><span style=\"font-weight: 400;\">A alimenta\u00e7\u00e3o est\u00e1 associada \u00e0 <a href=\"https:\/\/labea.ufpr.br\/caocomunitario\/introducao-a-bem-estar\/#liberdade\">liberdade nutricional<\/a>. Deve haver \u00e1gua fresca dispon\u00edvel e o c\u00e3o deve ser alimentado ao menos uma vez por dia, conforme seu tamanho, e com ra\u00e7\u00e3o, preferencialmente. Os potinhos devem estar sempre limpos. A condi\u00e7\u00e3o corporal deve corresponder \u00e0 classifica\u00e7\u00e3o 3 da seguinte tabela de escore corporal abaixo. Caso o c\u00e3o n\u00e3o esteja dentro desse padr\u00e3o, consulte um veterin\u00e1rio. <\/span> <\/p>\n\n\n<div class=\"wp-block-image\">\n<figure class=\"aligncenter size-full is-resized\"><img decoding=\"async\" loading=\"lazy\" src=\"https:\/\/labea.ufpr.br\/caocomunitario\/wp-content\/uploads\/sites\/2\/2022\/11\/download-1.png\" alt=\"\" class=\"wp-image-1987\" width=\"113\" height=\"113\" srcset=\"https:\/\/labea.ufpr.br\/caocomunitario\/wp-content\/uploads\/sites\/2\/2022\/11\/download-1.png 225w, https:\/\/labea.ufpr.br\/caocomunitario\/wp-content\/uploads\/sites\/2\/2022\/11\/download-1-150x150.png 150w, https:\/\/labea.ufpr.br\/caocomunitario\/wp-content\/uploads\/sites\/2\/2022\/11\/download-1-98x98.png 98w, https:\/\/labea.ufpr.br\/caocomunitario\/wp-content\/uploads\/sites\/2\/2022\/11\/download-1-57x57.png 57w\" sizes=\"(max-width: 113px) 100vw, 113px\" \/><\/figure><\/div>\n\n<div class=\"wp-block-image\">\n<figure class=\"aligncenter size-full is-resized\"><img decoding=\"async\" loading=\"lazy\" src=\"https:\/\/labea.ufpr.br\/caocomunitario\/wp-content\/uploads\/sites\/2\/2022\/11\/escore1-1.png\" alt=\"\" class=\"wp-image-1972\" width=\"450\" height=\"135\" srcset=\"https:\/\/labea.ufpr.br\/caocomunitario\/wp-content\/uploads\/sites\/2\/2022\/11\/escore1-1.png 600w, https:\/\/labea.ufpr.br\/caocomunitario\/wp-content\/uploads\/sites\/2\/2022\/11\/escore1-1-300x90.png 300w, https:\/\/labea.ufpr.br\/caocomunitario\/wp-content\/uploads\/sites\/2\/2022\/11\/escore1-1-175x53.png 175w, https:\/\/labea.ufpr.br\/caocomunitario\/wp-content\/uploads\/sites\/2\/2022\/11\/escore1-1-75x23.png 75w\" sizes=\"(max-width: 450px) 100vw, 450px\" \/><figcaption class=\"wp-element-caption\">Escore 1: Muito magro<\/figcaption><\/figure><\/div>\n\n<div class=\"wp-block-image wp-image-739\">\n<figure class=\"aligncenter size-full is-resized\"><img decoding=\"async\" loading=\"lazy\" src=\"https:\/\/labea.ufpr.br\/caocomunitario\/wp-content\/uploads\/sites\/2\/2022\/11\/escore2.png\" alt=\"\" class=\"wp-image-1973\" width=\"450\" height=\"135\" srcset=\"https:\/\/labea.ufpr.br\/caocomunitario\/wp-content\/uploads\/sites\/2\/2022\/11\/escore2.png 600w, https:\/\/labea.ufpr.br\/caocomunitario\/wp-content\/uploads\/sites\/2\/2022\/11\/escore2-300x90.png 300w, https:\/\/labea.ufpr.br\/caocomunitario\/wp-content\/uploads\/sites\/2\/2022\/11\/escore2-175x53.png 175w, https:\/\/labea.ufpr.br\/caocomunitario\/wp-content\/uploads\/sites\/2\/2022\/11\/escore2-75x23.png 75w\" sizes=\"(max-width: 450px) 100vw, 450px\" \/><figcaption class=\"wp-element-caption\">Escore 2: Magro<\/figcaption><\/figure><\/div>\n\n<div class=\"wp-block-image\">\n<figure class=\"aligncenter size-full is-resized\"><img decoding=\"async\" loading=\"lazy\" src=\"https:\/\/labea.ufpr.br\/caocomunitario\/wp-content\/uploads\/sites\/2\/2022\/11\/escore4.png\" alt=\"\" class=\"wp-image-1974\" width=\"450\" height=\"135\" srcset=\"https:\/\/labea.ufpr.br\/caocomunitario\/wp-content\/uploads\/sites\/2\/2022\/11\/escore4.png 600w, https:\/\/labea.ufpr.br\/caocomunitario\/wp-content\/uploads\/sites\/2\/2022\/11\/escore4-300x90.png 300w, https:\/\/labea.ufpr.br\/caocomunitario\/wp-content\/uploads\/sites\/2\/2022\/11\/escore4-175x53.png 175w, https:\/\/labea.ufpr.br\/caocomunitario\/wp-content\/uploads\/sites\/2\/2022\/11\/escore4-75x23.png 75w\" sizes=\"(max-width: 450px) 100vw, 450px\" \/><figcaption class=\"wp-element-caption\">Escore 4: Sobrepeso<\/figcaption><\/figure><\/div>\n\n<div class=\"wp-block-image\">\n<figure class=\"aligncenter size-full is-resized\"><img decoding=\"async\" loading=\"lazy\" src=\"https:\/\/labea.ufpr.br\/caocomunitario\/wp-content\/uploads\/sites\/2\/2022\/11\/escore5.png\" alt=\"\" class=\"wp-image-1977\" width=\"450\" height=\"135\" srcset=\"https:\/\/labea.ufpr.br\/caocomunitario\/wp-content\/uploads\/sites\/2\/2022\/11\/escore5.png 600w, https:\/\/labea.ufpr.br\/caocomunitario\/wp-content\/uploads\/sites\/2\/2022\/11\/escore5-300x90.png 300w, https:\/\/labea.ufpr.br\/caocomunitario\/wp-content\/uploads\/sites\/2\/2022\/11\/escore5-175x53.png 175w, https:\/\/labea.ufpr.br\/caocomunitario\/wp-content\/uploads\/sites\/2\/2022\/11\/escore5-75x23.png 75w\" sizes=\"(max-width: 450px) 100vw, 450px\" \/><figcaption class=\"wp-element-caption\">Escore 5: Obeso<\/figcaption><\/figure><\/div>\n\n\n<p class=\"has-text-align-center\"><a href=\"https:\/\/labea.ufpr.br\/caocomunitario\/referencias\/#rf8\">Refer\u00eancia: PURINA, 2019 (Adaptado)<sup>8<\/sup><\/a><\/p>\n\n\n\n<h4 class=\"wp-block-heading\"><strong>&nbsp;&nbsp;&nbsp;&nbsp;&nbsp;&nbsp;&nbsp;&nbsp;&nbsp;&nbsp;&nbsp;&nbsp;&nbsp;&nbsp;&nbsp;&nbsp;&nbsp;&nbsp;&nbsp;&nbsp;&nbsp;&nbsp;&nbsp;&nbsp;&nbsp;&nbsp;&nbsp;&nbsp;&nbsp;&nbsp;&nbsp;&nbsp;&nbsp;&nbsp;&nbsp;&nbsp;&nbsp;&nbsp;&nbsp;&nbsp;&nbsp;&nbsp;&nbsp;&nbsp;&nbsp;&nbsp;&nbsp;&nbsp;&nbsp;&nbsp;&nbsp;&nbsp;&nbsp;&nbsp;&nbsp;&nbsp;&nbsp;&nbsp;&nbsp;&nbsp;&nbsp;&nbsp;&nbsp;&nbsp;&nbsp;&nbsp;&nbsp;&nbsp;&nbsp;&nbsp;&nbsp;&nbsp;&nbsp;&nbsp;&nbsp;&nbsp;&nbsp;&nbsp;&nbsp;&nbsp;&nbsp;&nbsp;&nbsp; &nbsp; &nbsp;&nbsp;&nbsp;&nbsp;&nbsp;&nbsp; <\/strong><span style=\"color: #000000;\"><b>SA\u00daDE<\/b><\/span><\/h4>\n\n\n\n<p><span style=\"font-weight: 400;\">A sa\u00fade est\u00e1 associada \u00e0 <a href=\"https:\/\/labea.ufpr.br\/caocomunitario\/introducao-a-bem-estar\/#liberdade\">liberdade sanit\u00e1ria<\/a>. O c\u00e3o deve ser tratado regularmente para evitar a presen\u00e7a de doen\u00e7as (vacina\u00e7\u00e3o) e parasitas (verm\u00edfugos, antipulgas e anticarrapatos). Eventuais les\u00f5es devem ser tratadas. Se o animal mancar ou apresentar sinais de dor buscar tratamento veterin\u00e1rio.<\/span><\/p>\n\n\n<div class=\"wp-block-image\">\n<figure class=\"aligncenter size-full is-resized\"><img decoding=\"async\" loading=\"lazy\" src=\"https:\/\/labea.ufpr.br\/caocomunitario\/wp-content\/uploads\/sites\/2\/2022\/11\/cao_chorao-1.png\" alt=\"\" class=\"wp-image-1980\" width=\"113\" height=\"193\" srcset=\"https:\/\/labea.ufpr.br\/caocomunitario\/wp-content\/uploads\/sites\/2\/2022\/11\/cao_chorao-1.png 452w, https:\/\/labea.ufpr.br\/caocomunitario\/wp-content\/uploads\/sites\/2\/2022\/11\/cao_chorao-1-176x300.png 176w, https:\/\/labea.ufpr.br\/caocomunitario\/wp-content\/uploads\/sites\/2\/2022\/11\/cao_chorao-1-57x98.png 57w, https:\/\/labea.ufpr.br\/caocomunitario\/wp-content\/uploads\/sites\/2\/2022\/11\/cao_chorao-1-33x57.png 33w\" sizes=\"(max-width: 113px) 100vw, 113px\" \/><\/figure><\/div>\n\n\n<h4 class=\"wp-block-heading\"><strong>&nbsp;&nbsp;&nbsp;&nbsp;&nbsp;&nbsp;&nbsp;&nbsp;&nbsp;&nbsp;&nbsp;&nbsp;&nbsp;&nbsp;&nbsp;&nbsp;&nbsp;&nbsp;&nbsp;&nbsp;&nbsp;&nbsp;&nbsp;&nbsp;&nbsp;&nbsp;&nbsp;&nbsp;&nbsp;&nbsp;&nbsp;&nbsp;&nbsp;&nbsp;&nbsp;&nbsp;&nbsp;&nbsp;&nbsp;&nbsp;&nbsp;&nbsp;&nbsp;&nbsp;&nbsp;&nbsp;&nbsp;&nbsp;&nbsp;&nbsp;&nbsp;&nbsp;&nbsp;&nbsp;&nbsp;&nbsp;&nbsp;&nbsp;&nbsp;&nbsp;&nbsp;&nbsp;&nbsp;&nbsp;&nbsp;&nbsp;&nbsp;&nbsp;&nbsp;&nbsp;&nbsp;&nbsp;&nbsp;&nbsp;&nbsp;&nbsp;&nbsp;&nbsp;&nbsp;&nbsp;&nbsp;&nbsp;&nbsp;&nbsp;&nbsp;&nbsp;&nbsp;&nbsp;&nbsp;&nbsp;&nbsp;&nbsp;&nbsp;&nbsp; <span style=\"color: #0d5c05;\"><a name=\"abg\"><\/a><span style=\"color: #000000;\">ABRIGO<\/span><\/span><\/strong><\/h4>\n\n\n\n<p><span style=\"font-weight: 400;\">O abrigo est\u00e1 associado \u00e0 <a href=\"https:\/\/labea.ufpr.br\/caocomunitario\/introducao-a-bem-estar\/#liberdade\">liberdade ambiental<\/a>. O animal deve ter uma casinha que ofere\u00e7a abrigo de chuva e frio. \u00c9 importanto oferecer itens confort\u00e1veis como caminha e cobertores, al\u00e9m de atentar para a higiene desses itens. N\u00e3o deve haver materiais perigosos na casinha ou pr\u00f3ximos a ela, como estacas de madeira quebrada ou pregos expostos.<br><\/span><\/p>\n\n\n\n<h4 class=\"wp-block-heading\"><span style=\"color: #0d5c05;\"><strong>&nbsp;&nbsp;&nbsp;&nbsp;&nbsp;&nbsp;&nbsp;&nbsp;&nbsp;&nbsp;&nbsp;&nbsp;&nbsp;&nbsp;&nbsp;&nbsp;&nbsp;&nbsp;&nbsp;&nbsp;&nbsp;&nbsp;&nbsp;&nbsp;&nbsp;&nbsp;&nbsp;&nbsp;&nbsp;&nbsp;&nbsp;&nbsp;&nbsp;&nbsp;&nbsp;&nbsp;&nbsp;&nbsp;&nbsp;&nbsp;&nbsp;&nbsp;&nbsp;&nbsp;&nbsp;&nbsp;&nbsp;&nbsp;&nbsp;&nbsp;&nbsp;&nbsp;&nbsp;&nbsp;&nbsp;&nbsp;&nbsp;&nbsp;&nbsp;&nbsp;&nbsp;&nbsp;&nbsp;&nbsp;&nbsp;&nbsp;&nbsp;&nbsp;&nbsp;&nbsp;&nbsp;&nbsp;&nbsp;&nbsp;&nbsp;&nbsp;&nbsp;&nbsp;&nbsp;&nbsp;&nbsp;&nbsp; <a name=\"cpt\"><\/a><span style=\"color: #000000;\">COMPORTAMENTO<\/span><\/strong><\/span><\/h4>\n\n\n\n<p><span style=\"font-weight: 400;\">O comportamento est\u00e1 associado \u00e0&nbsp;<a href=\"https:\/\/labea.ufpr.br\/caocomunitario\/introducao-a-bem-estar\/#liberdade\">liberdade psicol\u00f3gica e comportamental<\/a><\/span><span style=\"font-weight: 400;\">. O c\u00e3o deve se mostrar calmo e feliz. \u00c9 importante que ele tenha bons relacionamentos com outros c\u00e3es e outras pessoas. Se for percebido qualquer comportamento que pare\u00e7a anormal, deve ser consultado um m\u00e9dico veterin\u00e1rio.&nbsp;&nbsp;<\/span><\/p>\n","protected":false},"excerpt":{"rendered":"<p>O bem-estar canino baseia-se nos mesmos elementos do bem-estar animal, seguindo os princ\u00edpios das Cinco Liberdades. Esses elementos s\u00e3o agrupados em quatro categorias para avaliar [&hellip;]<\/p>\n","protected":false},"author":1,"featured_media":0,"parent":0,"menu_order":0,"comment_status":"closed","ping_status":"closed","template":"","meta":{"_mi_skip_tracking":false},"acf":[],"_links":{"self":[{"href":"https:\/\/labea.ufpr.br\/caocomunitario\/wp-json\/wp\/v2\/pages\/311"}],"collection":[{"href":"https:\/\/labea.ufpr.br\/caocomunitario\/wp-json\/wp\/v2\/pages"}],"about":[{"href":"https:\/\/labea.ufpr.br\/caocomunitario\/wp-json\/wp\/v2\/types\/page"}],"author":[{"embeddable":true,"href":"https:\/\/labea.ufpr.br\/caocomunitario\/wp-json\/wp\/v2\/users\/1"}],"replies":[{"embeddable":true,"href":"https:\/\/labea.ufpr.br\/caocomunitario\/wp-json\/wp\/v2\/comments?post=311"}],"version-history":[{"count":59,"href":"https:\/\/labea.ufpr.br\/caocomunitario\/wp-json\/wp\/v2\/pages\/311\/revisions"}],"predecessor-version":[{"id":1988,"href":"https:\/\/labea.ufpr.br\/caocomunitario\/wp-json\/wp\/v2\/pages\/311\/revisions\/1988"}],"wp:attachment":[{"href":"https:\/\/labea.ufpr.br\/caocomunitario\/wp-json\/wp\/v2\/media?parent=311"}],"curies":[{"name":"wp","href":"https:\/\/api.w.org\/{rel}","templated":true}]}}