{"id":405,"date":"2018-09-28T14:43:16","date_gmt":"2018-09-28T17:43:16","guid":{"rendered":"https:\/\/caruso.000webhostapp.com\/?page_id=405"},"modified":"2019-05-29T14:14:16","modified_gmt":"2019-05-29T17:14:16","slug":"projeto","status":"publish","type":"page","link":"https:\/\/labea.ufpr.br\/caocomunitario\/projeto\/","title":{"rendered":"Projeto C\u00e3o Comunit\u00e1rio Digital"},"content":{"rendered":"Apesar do Programa C\u00e3o Comunit\u00e1rio existir h\u00e1 mais de uma d\u00e9cada, ele e o pr\u00f3prio c\u00e3o comunit\u00e1rio s\u00e3o pouco reconhecidos pela sociedade. Existe a necessidade de que as informa\u00e7\u00f5es sejam mais acess\u00edveis, inclusive a respeito de bem-estar animal, sa\u00fade p\u00fablica e demais quest\u00f5es nesses contextos.\r\n\r\n<!-- \/wp:paragraph -->\r\n\r\n<!-- wp:paragraph -->\r\n\r\nDessa forma, idealizadores decidiram realizar um meio em que isso fosse poss\u00edvel, o projeto C\u00e3o Comunit\u00e1rio Digital (CCD).\r\n\r\n<!-- \/wp:paragraph -->\r\n\r\n<!-- wp:paragraph -->\r\n\r\nEste projeto constitui basicamente um site que proporciona informa\u00e7\u00f5es e conte\u00fados desse universo no meio online, facilitando a divulga\u00e7\u00e3o de conhecimentos, al\u00e9m de buscar se utilizar de fundamentos de design, usabilidade e experi\u00eancia do usu\u00e1rio (UX &#8211; user experience) para facilitar o acesso, com o intuito de preencher essa lacuna existente em termos de comunica\u00e7\u00e3o entre a ci\u00eancia e a sociedade.\r\n\r\n<!-- \/wp:paragraph -->\r\n\r\n<!-- wp:paragraph -->\r\n\r\nO projeto foi idealizado na UFPR como projeto de extens\u00e3o e foi dividido em algumas etapas para a sua realiza\u00e7\u00e3o. Mas foi estruturado basicamente em coletar informa\u00e7\u00e3o, format\u00e1-la, inseri-la no site, avaliar o site e altera\u00e7\u00f5es finais.\r\n\r\n<!-- \/wp:paragraph -->\r\n\r\n<!-- wp:paragraph -->\r\n\r\nDe in\u00edcio, somente os programas gerenciados nas cidades de Pinhais e Campo Largo foram reunidos nesta plataforma, mas o projeto tem perspectiva para ser atualizado continuamente,reunindo o m\u00e1ximo de programas poss\u00edveis, para facilitar a comunica\u00e7\u00e3o entre munic\u00edpios.\r\n\r\n<!-- \/wp:paragraph -->\r\n\r\n<!-- wp:paragraph -->\r\n\r\nO produto final do projeto constitui um produto audiovisual e art\u00edstico por seu car\u00e1ter midi\u00e1tico e por estar inserido em uma hiperm\u00eddia, al\u00e9m de ser buscar ser informativo e educativo para toda sociedade.\r\n\r\n<!-- \/wp:paragraph -->\r\n\r\n<!-- wp:paragraph -->\r\n\r\nConfira nas subse\u00e7\u00f5es o andamento do projeto!\r\n\r\n<!-- \/wp:paragraph -->\r\n\r\n<!-- wp:heading -->\r\n<h2>Etapas<\/h2>\r\n<!-- \/wp:heading -->\r\n\r\n<!-- wp:paragraph -->\r\n\r\nO projeto conta com as seguintes etapas para a sua realiza\u00e7\u00e3o:\r\n\r\n<!-- \/wp:paragraph -->\r\n\r\n<!-- wp:list {\"ordered\":true} -->\r\n<ol>\r\n \t<li>Pesquisa referencial<\/li>\r\n \t<li>Entrevista com os envolvidos com o Programa C\u00e3o Comunit\u00e1rio<\/li>\r\n \t<li>Computa\u00e7\u00e3o e an\u00e1lise de dados das entrevistas<\/li>\r\n \t<li>Formata\u00e7\u00e3o do conte\u00fado<\/li>\r\n \t<li>Estrutura\u00e7\u00e3o da plataforma<\/li>\r\n \t<li>Alimenta\u00e7\u00e3o da plataforma<\/li>\r\n \t<li>Design da plataforma<\/li>\r\n \t<li>Avalia\u00e7\u00e3o da plataforma<\/li>\r\n \t<li>Computa\u00e7\u00e3o e an\u00e1lise de dados da avalia\u00e7\u00e3o<\/li>\r\n \t<li>Altera\u00e7\u00f5es finais<\/li>\r\n \t<li>Produtos de divulga\u00e7\u00e3o<\/li>\r\n<\/ol>\r\n<!-- \/wp:list -->\r\n\r\n<!-- wp:paragraph -->\r\n\r\n&nbsp;\r\n\r\n<!-- \/wp:paragraph -->","protected":false},"excerpt":{"rendered":"<p>Apesar do Programa C\u00e3o Comunit\u00e1rio existir h\u00e1 mais de uma d\u00e9cada, ele e o pr\u00f3prio c\u00e3o comunit\u00e1rio s\u00e3o pouco reconhecidos pela sociedade. Existe a necessidade [&hellip;]<\/p>\n","protected":false},"author":1,"featured_media":0,"parent":0,"menu_order":0,"comment_status":"closed","ping_status":"closed","template":"","meta":{"_mi_skip_tracking":false},"acf":[],"_links":{"self":[{"href":"https:\/\/labea.ufpr.br\/caocomunitario\/wp-json\/wp\/v2\/pages\/405"}],"collection":[{"href":"https:\/\/labea.ufpr.br\/caocomunitario\/wp-json\/wp\/v2\/pages"}],"about":[{"href":"https:\/\/labea.ufpr.br\/caocomunitario\/wp-json\/wp\/v2\/types\/page"}],"author":[{"embeddable":true,"href":"https:\/\/labea.ufpr.br\/caocomunitario\/wp-json\/wp\/v2\/users\/1"}],"replies":[{"embeddable":true,"href":"https:\/\/labea.ufpr.br\/caocomunitario\/wp-json\/wp\/v2\/comments?post=405"}],"version-history":[{"count":3,"href":"https:\/\/labea.ufpr.br\/caocomunitario\/wp-json\/wp\/v2\/pages\/405\/revisions"}],"predecessor-version":[{"id":982,"href":"https:\/\/labea.ufpr.br\/caocomunitario\/wp-json\/wp\/v2\/pages\/405\/revisions\/982"}],"wp:attachment":[{"href":"https:\/\/labea.ufpr.br\/caocomunitario\/wp-json\/wp\/v2\/media?parent=405"}],"curies":[{"name":"wp","href":"https:\/\/api.w.org\/{rel}","templated":true}]}}