{"id":456,"date":"2018-10-01T12:37:14","date_gmt":"2018-10-01T15:37:14","guid":{"rendered":"https:\/\/caruso.000webhostapp.com\/?page_id=456"},"modified":"2019-08-21T15:27:24","modified_gmt":"2019-08-21T18:27:24","slug":"pinhais","status":"publish","type":"page","link":"https:\/\/labea.ufpr.br\/caocomunitario\/pinhais\/","title":{"rendered":"Pinhais"},"content":{"rendered":"<p><strong>Pinhais<\/strong><\/p>\n<p>Para ser um cuidador e ter o seu c\u00e3o comunit\u00e1rio cadastrado junto ao Programa C\u00e3o Comunit\u00e1rio de Pinhais, s\u00e3o necess\u00e1rias as seguintes etapas:<\/p>\n<p><strong>1\u00ba ETAPA<\/strong><\/p>\n<p>Certificar-se de que\u00a0<strong>o c\u00e3o<\/strong>:<\/p>\n<ul>\n<li>esteja estabelecido na regi\u00e3o por um per\u00edodo m\u00ednimo de um ano ;<\/li>\n<li>seja alimentado e cuidado por no m\u00ednimo dois cuidadores locais;<\/li>\n<li>n\u00e3o seja agressivo e n\u00e3o apresente comportamento de persegui\u00e7\u00e3o.<\/li>\n<\/ul>\n<p>Ter em mente que\u00a0<strong>os cuidadores<\/strong>:<\/p>\n<ul>\n<li>devem assinar um termo de compromisso que os responsabiliza:<\/li>\n<\/ul>\n<p>\u2192 pela alimenta\u00e7\u00e3o di\u00e1ria do animal;<\/p>\n<p>\u2192 por fornecer diariamente \u00e1gua;<\/p>\n<p>\u2192 pelo fornecimento de um abrigo, na forma de casinha ou equivalente;<\/p>\n<p>\u2192 por avisar o \u00f3rg\u00e3o governamental respons\u00e1vel pelo programa quando o c\u00e3o necessitar de cuidados cl\u00ednicos;<\/p>\n<p>\u2192 administrar medica\u00e7\u00f5es que o \u00f3rg\u00e3o governamental dispor, se necess\u00e1rio, para cuidados com o c\u00e3o.<\/p>\n<p><strong>2\u00ba ETAPA<\/strong><\/p>\n<p>Acionar a Secretaria Municipal de Meio Ambiente atrav\u00e9s do telefone (41) 3912-5237. A Secretaria precisar\u00e1 saber as seguintes informa\u00e7\u00f5es:<\/p>\n<ul>\n<li style=\"list-style-type: none;\">\n<ul>\n<li style=\"list-style-type: none;\">\n<ul>\n<li>Endere\u00e7o da localiza\u00e7\u00e3o do c\u00e3o;<\/li>\n<li>Endere\u00e7o da resid\u00eancia dos cuidadores e um n\u00famero de contato;<\/li>\n<li>Dados pessoais do cuidador que abrir o protocolo de cadastro.<\/li>\n<\/ul>\n<\/li>\n<\/ul>\n<\/li>\n<\/ul>\n<p><strong>3\u00ba ETAPA<\/strong><\/p>\n<p>Quando o m\u00e9dico veterin\u00e1rio chegar ao local, conforme agendamento pr\u00e9vio, os seguintes procedimentos ser\u00e3o realizados:<\/p>\n<ul>\n<li style=\"list-style-type: none;\">\n<ul>\n<li style=\"list-style-type: none;\">\n<ul>\n<li>Cadastramento de dados do c\u00e3o;<\/li>\n<li>Cadastramento de dados dos cuidadores;<\/li>\n<li>Vacina\u00e7\u00e3o;<\/li>\n<li>Administra\u00e7\u00e3o de antiparasit\u00e1rios;<\/li>\n<li>Microchipagem;<\/li>\n<li>Termo de compromisso assinado pelos cuidadores.<\/li>\n<\/ul>\n<\/li>\n<\/ul>\n<\/li>\n<\/ul>\n<p><strong>4\u00ba ETAPA<\/strong><\/p>\n<p>No momento adequado o c\u00e3o ser\u00e1 encaminhado para castra\u00e7\u00e3o e, assim que recuperado, retornar\u00e1 ao seu local estabelecido.<\/p>\n<p><strong>5\u00b0 ETAPA<\/strong><\/p>\n<p>Agora o c\u00e3o \u00e9 oficialmente comunit\u00e1rio! Se houver necessidade, o cuidador deve acionar a Secretaria pelo telefone\u00a0(41) 3912-5707.<\/p>\n<p><strong>CONTATOS IMPORTANTES<\/strong><\/p>\n<p>Caso o c\u00e3o comunit\u00e1rio seja v\u00edtima de maus-tratos denunciar pelo telefone (41) 3912-5237.<\/p>\n<p>Caso um novo c\u00e3o apare\u00e7a no local, estar atento \u00e0 possibilidade de ter ocorrido um abandono e realizar a den\u00fancia junto \u00e0 Secretaria Municipal de Meio Ambiente. C\u00e3es comunit\u00e1rios n\u00e3o s\u00e3o alternativa para c\u00e3es rec\u00e9m-abandonados.<\/p>\n<p>Tenha sempre em mente que, mesmo sendo bem cuidados como comunit\u00e1rios, o melhor destino para estes c\u00e3es \u00e9 a ado\u00e7\u00e3o. Incentive esse ato de amor.<\/p>\n<p>&nbsp;<\/p>\n","protected":false},"excerpt":{"rendered":"<p>Pinhais Para ser um cuidador e ter o seu c\u00e3o comunit\u00e1rio cadastrado junto ao Programa C\u00e3o Comunit\u00e1rio de Pinhais, s\u00e3o necess\u00e1rias as seguintes etapas: 1\u00ba [&hellip;]<\/p>\n","protected":false},"author":1,"featured_media":0,"parent":0,"menu_order":0,"comment_status":"closed","ping_status":"closed","template":"","meta":{"_mi_skip_tracking":false},"acf":[],"_links":{"self":[{"href":"https:\/\/labea.ufpr.br\/caocomunitario\/wp-json\/wp\/v2\/pages\/456"}],"collection":[{"href":"https:\/\/labea.ufpr.br\/caocomunitario\/wp-json\/wp\/v2\/pages"}],"about":[{"href":"https:\/\/labea.ufpr.br\/caocomunitario\/wp-json\/wp\/v2\/types\/page"}],"author":[{"embeddable":true,"href":"https:\/\/labea.ufpr.br\/caocomunitario\/wp-json\/wp\/v2\/users\/1"}],"replies":[{"embeddable":true,"href":"https:\/\/labea.ufpr.br\/caocomunitario\/wp-json\/wp\/v2\/comments?post=456"}],"version-history":[{"count":10,"href":"https:\/\/labea.ufpr.br\/caocomunitario\/wp-json\/wp\/v2\/pages\/456\/revisions"}],"predecessor-version":[{"id":1667,"href":"https:\/\/labea.ufpr.br\/caocomunitario\/wp-json\/wp\/v2\/pages\/456\/revisions\/1667"}],"wp:attachment":[{"href":"https:\/\/labea.ufpr.br\/caocomunitario\/wp-json\/wp\/v2\/media?parent=456"}],"curies":[{"name":"wp","href":"https:\/\/api.w.org\/{rel}","templated":true}]}}