{"id":480,"date":"2018-10-01T14:57:02","date_gmt":"2018-10-01T17:57:02","guid":{"rendered":"https:\/\/caruso.000webhostapp.com\/?page_id=480"},"modified":"2022-11-29T11:09:02","modified_gmt":"2022-11-29T14:09:02","slug":"historico","status":"publish","type":"page","link":"https:\/\/labea.ufpr.br\/caocomunitario\/historico\/","title":{"rendered":"Hist\u00f3rico"},"content":{"rendered":"\n<p>O Programa C\u00e3o Comunit\u00e1rio surgiu para melhorar o bem-estar animal dos c\u00e3es de rua e para contribuir com a sa\u00fade p\u00fablica, por meio de &nbsp;eficazes e \u00e9ticas para o manejo populacional de c\u00e3es urbanos. Saiba mais sobre o <a href=\"https:\/\/labea.ufpr.br\/caocomunitario\/historico\/#inicio\">in\u00edcio<\/a>, <a href=\"https:\/\/labea.ufpr.br\/caocomunitario\/historico\/#cdr\">o hist\u00f3rico de controle da raiva<\/a>, <a href=\"https:\/\/labea.ufpr.br\/caocomunitario\/historico\/#pcch\">o Programa C\u00e3o Comunit\u00e1rio<\/a> e <a href=\"https:\/\/labea.ufpr.br\/caocomunitario\/historico\/#mpc\">o manejo populacional&nbsp; de c\u00e3es.<\/a><\/p>\n\n\n\n<h2 class=\"wp-block-heading\"><strong>I<\/strong>n\u00edcio<\/h2>\n\n\n\n<p>Na d\u00e9cada de 60, se acreditava que a matan\u00e7a de animais era a solu\u00e7\u00e3o para o controle da raiva e da popula\u00e7\u00e3o canina.<a href=\"https:\/\/labea.ufpr.br\/caocomunitario\/faq\/#matanca\"> Hoje, se sabe que esse m\u00e9todo, al\u00e9m de ter problemas \u00e9ticos, \u00e9 ineficiente.<\/a> &nbsp;<\/p>\n\n\n\n<p><\/p>\n\n\n<p><img decoding=\"async\" loading=\"lazy\" class=\"size-medium wp-image-2027 alignleft\" src=\"https:\/\/labea.ufpr.br\/caocomunitario\/wp-content\/uploads\/sites\/2\/2022\/11\/cao_chorao-1-1-176x300.png\" alt=\"\" width=\"176\" height=\"300\" srcset=\"https:\/\/labea.ufpr.br\/caocomunitario\/wp-content\/uploads\/sites\/2\/2022\/11\/cao_chorao-1-1-176x300.png 176w, https:\/\/labea.ufpr.br\/caocomunitario\/wp-content\/uploads\/sites\/2\/2022\/11\/cao_chorao-1-1-57x98.png 57w, https:\/\/labea.ufpr.br\/caocomunitario\/wp-content\/uploads\/sites\/2\/2022\/11\/cao_chorao-1-1-33x57.png 33w, https:\/\/labea.ufpr.br\/caocomunitario\/wp-content\/uploads\/sites\/2\/2022\/11\/cao_chorao-1-1.png 452w\" sizes=\"(max-width: 176px) 100vw, 176px\" \/><\/p>\n\n\n<p><\/p>\n\n\n\n<p><\/p>\n\n\n\n<p><\/p>\n\n\n\n<ul>\n<li>Paulada;<\/li>\n\n\n\n<li>Afogamento;<\/li>\n\n\n\n<li>Tiros;<\/li>\n\n\n\n<li>C\u00e2maras de g\u00e1s<\/li>\n\n\n\n<li>C\u00e2mara de v\u00e1cuo;<\/li>\n\n\n\n<li>Choque el\u00e9trico;<\/li>\n\n\n\n<li>Envenenamento.<\/li>\n<\/ul>\n\n\n\n<p>Esses m\u00e9todos s\u00e3o imorais, ineficazes, inaceit\u00e1veis e <a href=\"https:\/\/labea.ufpr.br\/caocomunitario\/legislacao\/\">ilegais<\/a>.<\/p>\n\n\n\n<p><\/p>\n\n\n\n<div style=\"height:77px\" aria-hidden=\"true\" class=\"wp-block-spacer\"><\/div>\n\n\n\n<hr class=\"wp-block-separator has-alpha-channel-opacity\"\/>\n\n\n\n<p><\/p>\n\n\n\n<h2 class=\"wp-block-heading\">Controle de Raiva <\/h2>\n\n\n\n<p><\/p>\n\n\n\n<p>&nbsp; A transmiss\u00e3o da raiva para o ser humano pode estar associada aos c\u00e3es, principalmente pela conviv\u00eancia muito pr\u00f3xima do cachorro e pela capacidade que o animal tem de morder. Hoje, devido ao avan\u00e7o do conhecimento, o controle da raiva est\u00e1 mais associado com o controle da imunidade dos c\u00e3es do que com a remo\u00e7\u00e3o dos c\u00e3es na rua. Tanto o controle da imunidade quanto o da popula\u00e7\u00e3o canina podem ter impactos positivos. Mas a tentativa de controle populacional por meio da matan\u00e7a \u00e9 ineficiente e pode aumentar o risco de doen\u00e7as porque aumenta o fluxo da popula\u00e7\u00e3o. A melhor conduta \u00e9 promover o bem-estar dos c\u00e3es de rua diminuindo a incid\u00eancia de doen\u00e7as. Nesse contexto, surgiu o<a href=\"https:\/\/labea.ufpr.br\/caocomunitario\/como-funciona\/\"> Programa do C\u00e3o Comunit\u00e1rio<\/a>.<\/p>\n\n\n\n<h2 class=\"wp-block-heading\">Programa C\u00e3o Comunit\u00e1rio<\/h2>\n\n\n\n<p>O foco do Programa \u00e9 o cuidado dos animais enquanto eles est\u00e3o nas ruas. Isso se deve \u00e0 realidade de que existem mais c\u00e3es do que lares para mant\u00ea-los em guarda respons\u00e1vel. A propor\u00e7\u00e3o m\u00e9dia de c\u00e3es na sociedade brasileira \u00e9 de 1 c\u00e3o a cada 4 pessoas <a href=\"https:\/\/labea.ufpr.br\/caocomunitario\/simulador.html\"><strong>(veja o simulador de popula\u00e7\u00e3o canina e guarda respons\u00e1vel)<\/strong>.<\/a> Quanto mais cuidado dado a esses c\u00e3es, menor a probabilidade de adquirirem e transmitirem doen\u00e7as. A castra\u00e7\u00e3o impede que nas\u00e7am mais filhotes, interrompendo o ciclo de nascimento de c\u00e3es nas ruas e trazendo benef\u00edcios para os animais e para a sociedade. &nbsp;<\/p>\n\n\n<div class=\"wp-block-image\">\n<figure class=\"aligncenter size-full is-resized\"><img decoding=\"async\" loading=\"lazy\" src=\"https:\/\/labea.ufpr.br\/caocomunitario\/wp-content\/uploads\/sites\/2\/2022\/11\/logotipo_fundo_branco_650px.png\" alt=\"\" class=\"wp-image-1934\" width=\"163\" height=\"123\" srcset=\"https:\/\/labea.ufpr.br\/caocomunitario\/wp-content\/uploads\/sites\/2\/2022\/11\/logotipo_fundo_branco_650px.png 650w, https:\/\/labea.ufpr.br\/caocomunitario\/wp-content\/uploads\/sites\/2\/2022\/11\/logotipo_fundo_branco_650px-300x228.png 300w, https:\/\/labea.ufpr.br\/caocomunitario\/wp-content\/uploads\/sites\/2\/2022\/11\/logotipo_fundo_branco_650px-129x98.png 129w, https:\/\/labea.ufpr.br\/caocomunitario\/wp-content\/uploads\/sites\/2\/2022\/11\/logotipo_fundo_branco_650px-75x57.png 75w\" sizes=\"(max-width: 163px) 100vw, 163px\" \/><\/figure><\/div>\n\n\n<h2 class=\"wp-block-heading\">Manejo Populacional de C\u00e3es <\/h2>\n\n\n\n<p>O comportamento territorial dos c\u00e3es comunit\u00e1rios diminui as chances de outros c\u00e3es se moverem para a \u00e1rea. Assim, a presen\u00e7a dos c\u00e3es comunit\u00e1rios vacinados e castrados funciona como barreira sanit\u00e1ria e reprodutiva. A proposta \u00e9 pegar, castrar e soltar no local onde os c\u00e3es se encontravam quando n\u00e3o houver um lar respons\u00e1vel para receb\u00ea-los. <a href=\"https:\/\/labea.ufpr.br\/caocomunitario\/faq\/\">Auxiliar os cuidadores a alimentar os c\u00e3es comunit\u00e1rios deve ser encorajado.<\/a> Isso faz com que os c\u00e3es fiquem bem alimentados, se desloquem menos, diminuindo a transmiss\u00e3o de doen\u00e7as. Diminuindo as taxas de nascimento, mortalidade e migra\u00e7\u00e3o de c\u00e3es, \u00e9 poss\u00edvel aumentar a expectativa e a qualidade de vida para benef\u00edcio dos c\u00e3es e dos seres humanos. &nbsp;<\/p>\n\n\n<div class=\"wp-block-image\">\n<figure class=\"aligncenter size-full is-resized\"><img decoding=\"async\" loading=\"lazy\" src=\"https:\/\/labea.ufpr.br\/caocomunitario\/wp-content\/uploads\/sites\/2\/2022\/11\/logo.png\" alt=\"\" class=\"wp-image-1927\" width=\"100\" height=\"100\"\/><\/figure><\/div>","protected":false},"excerpt":{"rendered":"<p>O Programa C\u00e3o Comunit\u00e1rio surgiu para melhorar o bem-estar animal dos c\u00e3es de rua e para contribuir com a sa\u00fade p\u00fablica, por meio de &nbsp;eficazes [&hellip;]<\/p>\n","protected":false},"author":1,"featured_media":0,"parent":0,"menu_order":0,"comment_status":"closed","ping_status":"closed","template":"","meta":{"_mi_skip_tracking":false},"acf":[],"_links":{"self":[{"href":"https:\/\/labea.ufpr.br\/caocomunitario\/wp-json\/wp\/v2\/pages\/480"}],"collection":[{"href":"https:\/\/labea.ufpr.br\/caocomunitario\/wp-json\/wp\/v2\/pages"}],"about":[{"href":"https:\/\/labea.ufpr.br\/caocomunitario\/wp-json\/wp\/v2\/types\/page"}],"author":[{"embeddable":true,"href":"https:\/\/labea.ufpr.br\/caocomunitario\/wp-json\/wp\/v2\/users\/1"}],"replies":[{"embeddable":true,"href":"https:\/\/labea.ufpr.br\/caocomunitario\/wp-json\/wp\/v2\/comments?post=480"}],"version-history":[{"count":20,"href":"https:\/\/labea.ufpr.br\/caocomunitario\/wp-json\/wp\/v2\/pages\/480\/revisions"}],"predecessor-version":[{"id":2032,"href":"https:\/\/labea.ufpr.br\/caocomunitario\/wp-json\/wp\/v2\/pages\/480\/revisions\/2032"}],"wp:attachment":[{"href":"https:\/\/labea.ufpr.br\/caocomunitario\/wp-json\/wp\/v2\/media?parent=480"}],"curies":[{"name":"wp","href":"https:\/\/api.w.org\/{rel}","templated":true}]}}