{"id":681,"date":"2019-05-02T10:52:31","date_gmt":"2019-05-02T13:52:31","guid":{"rendered":"https:\/\/labea.ufpr.br\/caocomunitario\/?page_id=681"},"modified":"2019-08-21T17:04:03","modified_gmt":"2019-08-21T20:04:03","slug":"referencias","status":"publish","type":"page","link":"https:\/\/labea.ufpr.br\/caocomunitario\/referencias\/","title":{"rendered":"Refer\u00eancias"},"content":{"rendered":"<p>Deixamos dispon\u00edvel todo o embasamento te\u00f3rico-cient\u00edfico do conte\u00fado deste site. Cada refer\u00eancia tem sua numera\u00e7\u00e3o e \u00e9 sobrescrita ao conte\u00fado espec\u00edfico.<\/p>\n<ol>\n<li><a name=\"rf1\"><\/a>COSTA, M. F. C. Bem-estar de c\u00e3es ao cadastramento no programa c\u00e3o comunit\u00e1rio em cinco munic\u00edpios do paran\u00e1.\u00a0Trabalho de Conclus\u00e3o do Curso de Grada\u00e7\u00e3o em Zootecnia da Universidade Federal do Paran\u00e1, 2016.<\/li>\n<li><a name=\"rf2\"><\/a>KWOK, Y.K.E., VON KEYSERLINGK, M.A.G., SPREA, G., MOLENTO, C.F.M. Human-animal interactions of community\u00a0dogs in Campo Largo, Brazil: A descriptive study. Journal of Veterinary Behavior. 2016.<\/li>\n<li><a name=\"rf3\"><\/a>LABEA &#8211; Laborat\u00f3rio de Bem-estar Animal. Sobre o LABEA: Miss\u00e3o. LABEA. Dispon\u00edvel em: &lt;<a href=\"https:\/\/labea.ufpr.br\/portal\/index.php\/sobre\/\">https:\/\/labea.ufpr.br\/portal\/index.php\/sobre\/<\/a>&gt;. 2017<\/li>\n<li><a name=\"rf4\"><\/a>MOLENTO, C.F.M. Public Health and Animal Welfare. In: APPLEBY, M. C; WEARY, D. M; SANDOE, P. Dilemmas in animal\u00a0welfare. Chapter 7: p.102 \u2013 123. 2014.<\/li>\n<li><a name=\"rf5\"><\/a>R\u00dcNCOS, L. H. E. Bem-estar e comportamento de c\u00e3es comunit\u00e1rios e percep\u00e7\u00e3o da comunidade. Disserta\u00e7\u00e3o de Mestrado\u00a0pela Universidade Federal do Paran\u00e1, 2012.<\/li>\n<li><a name=\"rf6\"><\/a>WHO &#8211; World Health Organization. Expert Consultation on rabies. First Report. WHO Technical Report Series 931.\u00a0Dispon\u00edvel em: &lt;<a href=\"http:\/\/www.who.int\/rabies\/trs931_%2006_05.pdf\">http:\/\/www.who.int\/rabies\/trs931_%2006_05.pdf<\/a>&gt;. 2005<\/li>\n<li><a name=\"rf7\"><\/a>WHO &#8211; World Health Organization. Expert Consultation on rabies. Second Report. WHO Technical Report Series 982.\u00a0Dispon\u00edvel em: &lt;<a href=\"http:\/\/www.ncbi.nlm.nih.gov\/pubmed\/24069724\">http:\/\/www.ncbi.nlm.nih.gov\/pubmed\/24069724<\/a>&gt;. 2013.<\/li>\n<li><a name=\"rf8\"><\/a>PURINA. Ferramenta de Condi\u00e7\u00e3o Corporal (Adaptado). Dispon\u00edvel em: &lt;<a href=\"https:\/\/www.purina.pt\/caes\/saude-e-nutricao\/exercicio-e-gestao-de-peso\/ferramenta-de-condicao-corporal&gt;\">https:\/\/www.purina.pt\/caes\/saude-e-nutricao\/exercicio-e-gestao-de-peso\/ferramenta-de-condicao-corporal&gt;<\/a>. 2019.<\/li>\n<li><a name=\"rf9\"><\/a>FAWC, Farm Animal Welfare Council. Five freedoms first written report.\u00a0December, 5, 1979.<\/li>\n<\/ol>\n","protected":false},"excerpt":{"rendered":"<p>Deixamos dispon\u00edvel todo o embasamento te\u00f3rico-cient\u00edfico do conte\u00fado deste site. Cada refer\u00eancia tem sua numera\u00e7\u00e3o e \u00e9 sobrescrita ao conte\u00fado espec\u00edfico. COSTA, M. F. C. [&hellip;]<\/p>\n","protected":false},"author":1,"featured_media":0,"parent":0,"menu_order":0,"comment_status":"closed","ping_status":"closed","template":"","meta":{"_mi_skip_tracking":false},"acf":[],"_links":{"self":[{"href":"https:\/\/labea.ufpr.br\/caocomunitario\/wp-json\/wp\/v2\/pages\/681"}],"collection":[{"href":"https:\/\/labea.ufpr.br\/caocomunitario\/wp-json\/wp\/v2\/pages"}],"about":[{"href":"https:\/\/labea.ufpr.br\/caocomunitario\/wp-json\/wp\/v2\/types\/page"}],"author":[{"embeddable":true,"href":"https:\/\/labea.ufpr.br\/caocomunitario\/wp-json\/wp\/v2\/users\/1"}],"replies":[{"embeddable":true,"href":"https:\/\/labea.ufpr.br\/caocomunitario\/wp-json\/wp\/v2\/comments?post=681"}],"version-history":[{"count":13,"href":"https:\/\/labea.ufpr.br\/caocomunitario\/wp-json\/wp\/v2\/pages\/681\/revisions"}],"predecessor-version":[{"id":1706,"href":"https:\/\/labea.ufpr.br\/caocomunitario\/wp-json\/wp\/v2\/pages\/681\/revisions\/1706"}],"wp:attachment":[{"href":"https:\/\/labea.ufpr.br\/caocomunitario\/wp-json\/wp\/v2\/media?parent=681"}],"curies":[{"name":"wp","href":"https:\/\/api.w.org\/{rel}","templated":true}]}}