{"id":683,"date":"2019-05-02T10:52:42","date_gmt":"2019-05-02T13:52:42","guid":{"rendered":"https:\/\/labea.ufpr.br\/caocomunitario\/?page_id=683"},"modified":"2021-09-15T22:14:13","modified_gmt":"2021-09-16T01:14:13","slug":"agradecimentos","status":"publish","type":"page","link":"https:\/\/labea.ufpr.br\/caocomunitario\/agradecimentos\/","title":{"rendered":"Agradecimentos"},"content":{"rendered":"<p><span style=\"color: #000000;\">O C\u00e3o Comunit\u00e1rio Digital existe gra\u00e7as ao trabalho e assist\u00eancia de in\u00fameras pessoas e de diferentes \u00e1reas de conhecimento, mas que em comum compartilham a vontade de colocar o bem-estar dos c\u00e3es niveladas com o bem-estar humano, ou at\u00e9 acima.<\/span><\/p>\n<p><span style=\"color: #000000;\">Agradecemos<\/span><\/p>\n<p style=\"text-align: center;\"><span style=\"color: #000000;\">Carla Forte Maiolino Molento<\/span><\/p>\n<p style=\"text-align: center;\"><span style=\"color: #000000;\">Ananda F\u00e9lix<\/span><\/p>\n<p style=\"text-align: center;\"><span style=\"color: #000000;\">Bruna Hayashida<\/span><\/p>\n<p style=\"text-align: center;\"><span style=\"color: #000000;\">Andr\u00e9 Luis Reynaud<\/span><\/p>\n<p style=\"text-align: center;\"><span style=\"color: #000000;\">Julia Carvalho Gutzeit<\/span><\/p>\n<p style=\"text-align: center;\"><span style=\"color: #000000;\">Sara de Souza Pican\u00e7o Ortega<\/span><\/p>\n<p style=\"text-align: center;\"><span style=\"color: #000000;\">Cuidadores de c\u00e3es comunit\u00e1rios<\/span><\/p>\n<p style=\"text-align: center;\"><a href=\"https:\/\/labea.ufpr.br\/caocomunitario\/caes-comunitarios\/\">C\u00e3es comunit\u00e1rios<\/a><\/p>\n<p style=\"text-align: center;\"><a href=\"https:\/\/labea.ufpr.br\/caocomunitario\/campo-largo\/\">Prefeitura de Campo Largo<\/a><\/p>\n<p style=\"text-align: center;\"><a href=\"https:\/\/labea.ufpr.br\/caocomunitario\/pinhais\/\">Prefeitura de Pinhais<\/a><\/p>\n<p style=\"text-align: center;\"><a href=\"https:\/\/labea.ufpr.br\/caocomunitario\/curitiba\/\">Prefeitura de Curitiba<\/a><\/p>\n<p style=\"text-align: center;\"><a href=\"https:\/\/labea.ufpr.br\/\">LABEA<\/a><\/p>\n","protected":false},"excerpt":{"rendered":"<p>O C\u00e3o Comunit\u00e1rio Digital existe gra\u00e7as ao trabalho e assist\u00eancia de in\u00fameras pessoas e de diferentes \u00e1reas de conhecimento, mas que em comum compartilham a [&hellip;]<\/p>\n","protected":false},"author":1,"featured_media":0,"parent":0,"menu_order":0,"comment_status":"closed","ping_status":"closed","template":"","meta":{"_mi_skip_tracking":false},"acf":[],"_links":{"self":[{"href":"https:\/\/labea.ufpr.br\/caocomunitario\/wp-json\/wp\/v2\/pages\/683"}],"collection":[{"href":"https:\/\/labea.ufpr.br\/caocomunitario\/wp-json\/wp\/v2\/pages"}],"about":[{"href":"https:\/\/labea.ufpr.br\/caocomunitario\/wp-json\/wp\/v2\/types\/page"}],"author":[{"embeddable":true,"href":"https:\/\/labea.ufpr.br\/caocomunitario\/wp-json\/wp\/v2\/users\/1"}],"replies":[{"embeddable":true,"href":"https:\/\/labea.ufpr.br\/caocomunitario\/wp-json\/wp\/v2\/comments?post=683"}],"version-history":[{"count":10,"href":"https:\/\/labea.ufpr.br\/caocomunitario\/wp-json\/wp\/v2\/pages\/683\/revisions"}],"predecessor-version":[{"id":1859,"href":"https:\/\/labea.ufpr.br\/caocomunitario\/wp-json\/wp\/v2\/pages\/683\/revisions\/1859"}],"wp:attachment":[{"href":"https:\/\/labea.ufpr.br\/caocomunitario\/wp-json\/wp\/v2\/media?parent=683"}],"curies":[{"name":"wp","href":"https:\/\/api.w.org\/{rel}","templated":true}]}}