{"id":899,"date":"2019-05-27T13:19:01","date_gmt":"2019-05-27T16:19:01","guid":{"rendered":"https:\/\/labea.ufpr.br\/caocomunitario\/?page_id=899"},"modified":"2019-05-27T13:31:24","modified_gmt":"2019-05-27T16:31:24","slug":"legislacao-rj","status":"publish","type":"page","link":"https:\/\/labea.ufpr.br\/caocomunitario\/legislacao-rj\/","title":{"rendered":"C\u00e3o Comunit\u00e1rio na legisla\u00e7\u00e3o do Rio de Janeiro"},"content":{"rendered":"<p>&nbsp;<\/p>\n<p><b>Art. 1\u00b0 Fica considerado como animal comunit\u00e1rio aquele que, apesar de n\u00e3o ter propriet\u00e1rio definido e \u00fanico, estabeleceu com membros da popula\u00e7\u00e3o do local onde vive v\u00ednculos de afeto, depend\u00eancia e manuten\u00e7\u00e3o.<\/b><\/p>\n<p><b>Art. 2\u00b0 Ficam estabelecidas normas de identifica\u00e7\u00e3o, controle e atendimento a animais comunit\u00e1rios, na forma prevista nesta Lei.<\/b><\/p>\n<p><b>Art. 3\u00b0 O animal comunit\u00e1rio dever\u00e1 ser mantido no local onde se encontra, sob os cuidados do \u00d3rg\u00e3o Municipal para este fim apontado e cujas atribui\u00e7\u00f5es est\u00e3o relacionadas a seguir:<\/b><\/p>\n<p><b>I- prestar atendimento m\u00e9dico veterin\u00e1rio gratuito;<\/b><\/p>\n<p><b>II- realizar esteriliza\u00e7\u00e3o gratuita conforme disposto na<\/b><a href=\"http:\/\/mail.camara.rj.gov.br\/APL\/Legislativos\/contlei.nsf\/b24a2da5a077847c032564f4005d4bf2\/d015bf522feeb8ae032576ac0072ea73?OpenDocument\"> <b>Lei n\u00ba 3.739, de 30 de abril de 2004<\/b><\/a><b>;<\/b><\/p>\n<p><b>III- proceder \u00e0 identifica\u00e7\u00e3o a ser feita por meio de cadastro renov\u00e1vel anualmente.<\/b><\/p>\n<p><b>Art. 4\u00b0 Ser\u00e3o respons\u00e1veis-tratadores do animal comunit\u00e1rio aqueles membros da comunidade que com ele tenham estabelecido v\u00ednculos de afeto e depend\u00eancia rec\u00edproca e que para tal fim se disponham voluntariamente.<\/b><\/p>\n<p><b>Par\u00e1grafo \u00fanico. Os respons\u00e1veis-tratadores ser\u00e3o cadastrados pelo org\u00e3o supra-citado e receber\u00e3o crach\u00e1 do qual constar\u00e1 qualifica\u00e7\u00e3o completa e logotipo da Prefeitura do Rio de Janeiro.<\/b><\/p>\n<p><strong>Art. 5\u00b0<\/strong> Caber\u00e1 ao Poder Executivo Municipal determinar o org\u00e3o que proceder\u00e1 a implementa\u00e7\u00e3o das disposi\u00e7\u00f5es expressas nesta Lei.<\/p>\n<p><strong>Art. 6\u00b0<\/strong> Esta Lei entra em vigor na data de sua publica\u00e7\u00e3o.<\/p>\n<p><i>Em Rio de Janeiro, 3 de dezembro de 2008.<\/i><\/p>\n","protected":false},"excerpt":{"rendered":"<p>&nbsp; Art. 1\u00b0 Fica considerado como animal comunit\u00e1rio aquele que, apesar de n\u00e3o ter propriet\u00e1rio definido e \u00fanico, estabeleceu com membros da popula\u00e7\u00e3o do local [&hellip;]<\/p>\n","protected":false},"author":1,"featured_media":0,"parent":0,"menu_order":0,"comment_status":"closed","ping_status":"closed","template":"","meta":{"_mi_skip_tracking":false},"acf":[],"_links":{"self":[{"href":"https:\/\/labea.ufpr.br\/caocomunitario\/wp-json\/wp\/v2\/pages\/899"}],"collection":[{"href":"https:\/\/labea.ufpr.br\/caocomunitario\/wp-json\/wp\/v2\/pages"}],"about":[{"href":"https:\/\/labea.ufpr.br\/caocomunitario\/wp-json\/wp\/v2\/types\/page"}],"author":[{"embeddable":true,"href":"https:\/\/labea.ufpr.br\/caocomunitario\/wp-json\/wp\/v2\/users\/1"}],"replies":[{"embeddable":true,"href":"https:\/\/labea.ufpr.br\/caocomunitario\/wp-json\/wp\/v2\/comments?post=899"}],"version-history":[{"count":4,"href":"https:\/\/labea.ufpr.br\/caocomunitario\/wp-json\/wp\/v2\/pages\/899\/revisions"}],"predecessor-version":[{"id":908,"href":"https:\/\/labea.ufpr.br\/caocomunitario\/wp-json\/wp\/v2\/pages\/899\/revisions\/908"}],"wp:attachment":[{"href":"https:\/\/labea.ufpr.br\/caocomunitario\/wp-json\/wp\/v2\/media?parent=899"}],"curies":[{"name":"wp","href":"https:\/\/api.w.org\/{rel}","templated":true}]}}