{"id":928,"date":"2019-05-27T14:07:52","date_gmt":"2019-05-27T17:07:52","guid":{"rendered":"https:\/\/labea.ufpr.br\/caocomunitario\/?page_id=928"},"modified":"2022-11-21T12:01:54","modified_gmt":"2022-11-21T15:01:54","slug":"guarda-responsavel","status":"publish","type":"page","link":"https:\/\/labea.ufpr.br\/caocomunitario\/guarda-responsavel\/","title":{"rendered":"Guarda respons\u00e1vel"},"content":{"rendered":"<div class=\"wp-block-image\">\n<figure class=\"aligncenter size-full is-resized\"><img decoding=\"async\" loading=\"lazy\" src=\"https:\/\/labea.ufpr.br\/caocomunitario\/wp-content\/uploads\/sites\/2\/2022\/11\/dog_opacidade.jpg\" alt=\"\" class=\"wp-image-1954\" width=\"390\" height=\"219\" srcset=\"https:\/\/labea.ufpr.br\/caocomunitario\/wp-content\/uploads\/sites\/2\/2022\/11\/dog_opacidade.jpg 780w, https:\/\/labea.ufpr.br\/caocomunitario\/wp-content\/uploads\/sites\/2\/2022\/11\/dog_opacidade-300x168.jpg 300w, https:\/\/labea.ufpr.br\/caocomunitario\/wp-content\/uploads\/sites\/2\/2022\/11\/dog_opacidade-768x430.jpg 768w, https:\/\/labea.ufpr.br\/caocomunitario\/wp-content\/uploads\/sites\/2\/2022\/11\/dog_opacidade-175x98.jpg 175w, https:\/\/labea.ufpr.br\/caocomunitario\/wp-content\/uploads\/sites\/2\/2022\/11\/dog_opacidade-75x42.jpg 75w\" sizes=\"(max-width: 390px) 100vw, 390px\" \/><\/figure><\/div>\n\n<p>Um tutor, ou guardi\u00e3o respons\u00e1vel, \u00e9 aquele que cuida de todos os aspectos do <a href=\"https:\/\/labea.ufpr.br\/caocomunitario\/introducao-a-bem-estar\/\">bem-estar<\/a> do animal sob sua responsabilidade. Isso significa que o tutor deve ser respons\u00e1vel pela<a href=\"https:\/\/labea.ufpr.br\/caocomunitario\/canino\/#alim\"> alimenta\u00e7\u00e3o<\/a>, <a href=\"https:\/\/labea.ufpr.br\/caocomunitario\/canino\/#abg\">abrigo<\/a> e <a href=\"https:\/\/labea.ufpr.br\/caocomunitario\/canino\/#sde\">sa\u00fade<\/a>, al\u00e9m de dar afei\u00e7\u00e3o e as <a href=\"https:\/\/labea.ufpr.br\/caocomunitario\/canino\/#cpt\">possibilidades comportamentais<\/a> adequadas.<\/p>\n<p>A guarda respons\u00e1vel \u00e9 a estrat\u00e9gia mais eficaz para <a href=\"https:\/\/labea.ufpr.br\/caocomunitario\/historico\/#mpc\">o manejo populacional de c\u00e3es<\/a>. O <a href=\"https:\/\/labea.ufpr.br\/caocomunitario\/programa\/\">Programa C\u00e3o Comunit\u00e1rio<\/a> busca dar exemplos para educa\u00e7\u00e3o no sentido da guarda respons\u00e1vel. Por isso, disponibilizamos nosso <a href=\"https:\/\/labea.ufpr.br\/caocomunitario\/simulador.html\">simulador interativo do impacto da castra\u00e7\u00e3o! Teste ele!<\/a><\/p>","protected":false},"excerpt":{"rendered":"<p>Um tutor, ou guardi\u00e3o respons\u00e1vel, \u00e9 aquele que cuida de todos os aspectos do bem-estar do animal sob sua responsabilidade. Isso significa que o tutor [&hellip;]<\/p>\n","protected":false},"author":1,"featured_media":0,"parent":0,"menu_order":0,"comment_status":"closed","ping_status":"closed","template":"","meta":{"_mi_skip_tracking":false},"acf":[],"_links":{"self":[{"href":"https:\/\/labea.ufpr.br\/caocomunitario\/wp-json\/wp\/v2\/pages\/928"}],"collection":[{"href":"https:\/\/labea.ufpr.br\/caocomunitario\/wp-json\/wp\/v2\/pages"}],"about":[{"href":"https:\/\/labea.ufpr.br\/caocomunitario\/wp-json\/wp\/v2\/types\/page"}],"author":[{"embeddable":true,"href":"https:\/\/labea.ufpr.br\/caocomunitario\/wp-json\/wp\/v2\/users\/1"}],"replies":[{"embeddable":true,"href":"https:\/\/labea.ufpr.br\/caocomunitario\/wp-json\/wp\/v2\/comments?post=928"}],"version-history":[{"count":10,"href":"https:\/\/labea.ufpr.br\/caocomunitario\/wp-json\/wp\/v2\/pages\/928\/revisions"}],"predecessor-version":[{"id":1959,"href":"https:\/\/labea.ufpr.br\/caocomunitario\/wp-json\/wp\/v2\/pages\/928\/revisions\/1959"}],"wp:attachment":[{"href":"https:\/\/labea.ufpr.br\/caocomunitario\/wp-json\/wp\/v2\/media?parent=928"}],"curies":[{"name":"wp","href":"https:\/\/api.w.org\/{rel}","templated":true}]}}