{"id":967,"date":"2019-05-29T13:09:43","date_gmt":"2019-05-29T16:09:43","guid":{"rendered":"https:\/\/labea.ufpr.br\/caocomunitario\/?page_id=967"},"modified":"2021-11-16T14:51:22","modified_gmt":"2021-11-16T17:51:22","slug":"denuncia","status":"publish","type":"page","link":"https:\/\/labea.ufpr.br\/caocomunitario\/denuncia\/","title":{"rendered":"Como den\u00fanciar abuso ou maus-tratos contra animais?"},"content":{"rendered":"<ul>\n<li>Voc\u00ea pode ir \u00e0 delegacia de pol\u00edcia mais pr\u00f3xima de voc\u00ea para efetuar a den\u00fancia pessoalmente;<\/li>\n<li>Podem tamb\u00e9m ser feitas pelo telefone da central de den\u00fancias do IBAMA: 0800 61 8080 (gratuitamente);<\/li>\n<li>Ou pelo Disque-Den\u00fancia. O n\u00famero pode variar entre os estados e est\u00e3o listados abaixo:<br \/>\n<h4>CENTRO-OESTE<\/h4>\n<p><strong>\u00a0 \u00a0 MS \u2013 197<\/strong><br \/>\n<strong>\u00a0 \u00a0 GO \u2013 197<\/strong><br \/>\n<strong>\u00a0 \u00a0 DF \u2013 197<\/strong><\/p>\n<h4>\u00a0SUDESTE<\/h4>\n<p><strong>\u00a0 \u00a0 SP \u2013 181<br \/>\n<\/strong><strong>\u00a0 \u00a0 MG \u2013 181<\/strong><br \/>\n<strong>\u00a0 \u00a0 RJ \u2013 (21) 2253-1177 \/ 0300-253-1177 (Petr\u00f3polis)<\/strong><\/p>\n<h4>\u00a0SUL<\/h4>\n<p><strong>\u00a0 \u00a0 PR \u2013 181<\/strong><br \/>\n<strong>\u00a0 \u00a0 SC \u2013 181<\/strong><br \/>\n<strong>\u00a0 \u00a0 RS \u2013 181<\/strong><\/p>\n<h4>NORDESTE<\/h4>\n<p><strong>\u00a0 \u00a0 \u00a0BA \u2013 3235-000 (capital) \/ 181 (interior)<\/strong><br \/>\n<strong>\u00a0 \u00a0 \u00a0SE \u2013 181<\/strong><br \/>\n<strong>\u00a0 \u00a0 \u00a0AL \u2013 0800-2849390 Pol\u00edcia Civil \/ (82) 3201-2000 P.M.<\/strong><br \/>\n<strong>\u00a0 \u00a0 \u00a0PE \u2013 (81) 3421-9595 (capital) \/ (81) 3719-4545 (interior)<\/strong><br \/>\n<strong>\u00a0 \u00a0 \u00a0PB \u2013 197<\/strong><br \/>\n<strong>\u00a0 \u00a0 \u00a0RN \u2013 0800-84-2999<\/strong><br \/>\n<strong>\u00a0 \u00a0 \u00a0CE \u2013 (85) 3488-7877<\/strong><br \/>\n<strong>\u00a0 \u00a0 \u00a0PI \u2013 0800-280-5013<\/strong><br \/>\n<strong>\u00a0 \u00a0 \u00a0MA \u2013 3233-5800 (capital) \/ 0300-313-5800 (interior)<\/strong><br \/>\n<strong>\u00a0 \u00a0 \u00a0TO \u2013 0800-63-1190<\/strong><\/p>\n<p><strong>NORTE<\/strong><\/p>\n<p><strong>\u00a0 \u00a0 PA \u2013 (94) 3346-2250 \/ 181<\/strong><br \/>\n<strong>\u00a0 \u00a0 AM \u2013 0800-092-0500<\/strong><br \/>\n<strong>\u00a0 \u00a0 RR \u2013 0800-95-1000<\/strong><br \/>\n<strong>\u00a0 \u00a0 AP \u2013 0800-96-8080<\/strong><br \/>\n<strong>\u00a0 \u00a0 AC \u2013 181<\/strong><br \/>\n<strong>\u00a0 \u00a0 RO \u2013 0800-647-1016<\/strong><\/p>\n<h5 style=\"text-align: center;\"><em>\u00a0<\/em><\/h5>\n<\/li>\n<\/ul>\n<p><!-- www.123formbuilder.com script begins here --><script type=\"text\/javascript\" defer src=\"\/\/www.123formbuilder.com\/embed\/4970084.js\" data-role=\"form\" data-default-width=\"650px\"><\/script><!-- www.123formbuilder.com script ends here --><\/p>\n","protected":false},"excerpt":{"rendered":"<p>Voc\u00ea pode ir \u00e0 delegacia de pol\u00edcia mais pr\u00f3xima de voc\u00ea para efetuar a den\u00fancia pessoalmente; Podem tamb\u00e9m ser feitas pelo telefone da central de [&hellip;]<\/p>\n","protected":false},"author":1,"featured_media":0,"parent":0,"menu_order":0,"comment_status":"closed","ping_status":"closed","template":"","meta":{"_mi_skip_tracking":false},"acf":[],"_links":{"self":[{"href":"https:\/\/labea.ufpr.br\/caocomunitario\/wp-json\/wp\/v2\/pages\/967"}],"collection":[{"href":"https:\/\/labea.ufpr.br\/caocomunitario\/wp-json\/wp\/v2\/pages"}],"about":[{"href":"https:\/\/labea.ufpr.br\/caocomunitario\/wp-json\/wp\/v2\/types\/page"}],"author":[{"embeddable":true,"href":"https:\/\/labea.ufpr.br\/caocomunitario\/wp-json\/wp\/v2\/users\/1"}],"replies":[{"embeddable":true,"href":"https:\/\/labea.ufpr.br\/caocomunitario\/wp-json\/wp\/v2\/comments?post=967"}],"version-history":[{"count":22,"href":"https:\/\/labea.ufpr.br\/caocomunitario\/wp-json\/wp\/v2\/pages\/967\/revisions"}],"predecessor-version":[{"id":1871,"href":"https:\/\/labea.ufpr.br\/caocomunitario\/wp-json\/wp\/v2\/pages\/967\/revisions\/1871"}],"wp:attachment":[{"href":"https:\/\/labea.ufpr.br\/caocomunitario\/wp-json\/wp\/v2\/media?parent=967"}],"curies":[{"name":"wp","href":"https:\/\/api.w.org\/{rel}","templated":true}]}}